{"id":193,"date":"2021-01-25T09:27:43","date_gmt":"2021-01-25T09:27:43","guid":{"rendered":"https:\/\/maaljamuusika.ee\/?page_id=193"},"modified":"2021-03-07T19:36:22","modified_gmt":"2021-03-07T19:36:22","slug":"maalid","status":"publish","type":"page","link":"https:\/\/www.maaljamuusika.ee\/index.php\/maalid\/","title":{"rendered":"Maalid"},"content":{"rendered":"\t\t<div data-elementor-type=\"wp-page\" data-elementor-id=\"193\" class=\"elementor elementor-193\">\n\t\t\t\t\t\t<section class=\"elementor-section elementor-top-section elementor-element elementor-element-71cbe06 elementor-section-boxed elementor-section-height-default elementor-section-height-default\" data-id=\"71cbe06\" data-element_type=\"section\">\n\t\t\t\t\t\t<div class=\"elementor-container elementor-column-gap-default\">\n\t\t\t\t\t<div class=\"elementor-column elementor-col-100 elementor-top-column elementor-element elementor-element-ad3771d\" data-id=\"ad3771d\" data-element_type=\"column\">\n\t\t\t<div class=\"elementor-widget-wrap elementor-element-populated\">\n\t\t\t\t\t\t<div class=\"elementor-element elementor-element-b30ab0f elementor-widget elementor-widget-heading\" data-id=\"b30ab0f\" data-element_type=\"widget\" data-widget_type=\"heading.default\">\n\t\t\t\t<div class=\"elementor-widget-container\">\n\t\t\t<h1 class=\"elementor-heading-title elementor-size-default\">Maalid<\/h1>\t\t<\/div>\n\t\t\t\t<\/div>\n\t\t\t\t\t<\/div>\n\t\t<\/div>\n\t\t\t\t\t<\/div>\n\t\t<\/section>\n\t\t\t\t<section class=\"elementor-section elementor-top-section elementor-element elementor-element-bfa00bf elementor-section-boxed elementor-section-height-default elementor-section-height-default\" data-id=\"bfa00bf\" data-element_type=\"section\">\n\t\t\t\t\t\t<div class=\"elementor-container elementor-column-gap-default\">\n\t\t\t\t\t<div class=\"elementor-column elementor-col-100 elementor-top-column elementor-element elementor-element-f398cf9\" data-id=\"f398cf9\" data-element_type=\"column\">\n\t\t\t<div class=\"elementor-widget-wrap elementor-element-populated\">\n\t\t\t\t\t\t\t<\/div>\n\t\t<\/div>\n\t\t\t\t\t<\/div>\n\t\t<\/section>\n\t\t\t\t<section class=\"elementor-section elementor-top-section elementor-element elementor-element-d7238c8 elementor-section-boxed elementor-section-height-default elementor-section-height-default\" data-id=\"d7238c8\" data-element_type=\"section\">\n\t\t\t\t\t\t<div class=\"elementor-container elementor-column-gap-default\">\n\t\t\t\t\t<div class=\"elementor-column elementor-col-100 elementor-top-column elementor-element elementor-element-7ffc82b\" data-id=\"7ffc82b\" data-element_type=\"column\">\n\t\t\t<div class=\"elementor-widget-wrap elementor-element-populated\">\n\t\t\t\t\t\t\t<\/div>\n\t\t<\/div>\n\t\t\t\t\t<\/div>\n\t\t<\/section>\n\t\t\t\t<section class=\"elementor-section elementor-top-section elementor-element elementor-element-ecf4e12 elementor-section-boxed elementor-section-height-default elementor-section-height-default\" data-id=\"ecf4e12\" data-element_type=\"section\">\n\t\t\t\t\t\t<div class=\"elementor-container elementor-column-gap-default\">\n\t\t\t\t\t<div class=\"elementor-column elementor-col-100 elementor-top-column elementor-element elementor-element-1240e72\" data-id=\"1240e72\" data-element_type=\"column\">\n\t\t\t<div class=\"elementor-widget-wrap elementor-element-populated\">\n\t\t\t\t\t\t\t<\/div>\n\t\t<\/div>\n\t\t\t\t\t<\/div>\n\t\t<\/section>\n\t\t\t\t<section class=\"elementor-section elementor-top-section elementor-element elementor-element-bdc56fa elementor-section-boxed elementor-section-height-default elementor-section-height-default\" data-id=\"bdc56fa\" data-element_type=\"section\">\n\t\t\t\t\t\t<div class=\"elementor-container elementor-column-gap-default\">\n\t\t\t\t\t<div class=\"elementor-column elementor-col-100 elementor-top-column elementor-element elementor-element-ef1cf6a\" data-id=\"ef1cf6a\" data-element_type=\"column\">\n\t\t\t<div class=\"elementor-widget-wrap elementor-element-populated\">\n\t\t\t\t\t\t<div class=\"elementor-element elementor-element-b3e035b elementor-arrows-position-inside elementor-pagination-position-outside elementor-widget elementor-widget-image-carousel\" data-id=\"b3e035b\" data-element_type=\"widget\" data-settings=\"{&quot;speed&quot;:250,&quot;navigation&quot;:&quot;both&quot;,&quot;autoplay&quot;:&quot;yes&quot;,&quot;pause_on_hover&quot;:&quot;yes&quot;,&quot;pause_on_interaction&quot;:&quot;yes&quot;,&quot;autoplay_speed&quot;:5000,&quot;infinite&quot;:&quot;yes&quot;}\" data-widget_type=\"image-carousel.default\">\n\t\t\t\t<div class=\"elementor-widget-container\">\n\t\t\t\t\t<div class=\"elementor-image-carousel-wrapper swiper\" dir=\"ltr\">\n\t\t\t<div class=\"elementor-image-carousel swiper-wrapper\" aria-live=\"off\">\n\t\t\t\t\t\t\t\t<div class=\"swiper-slide\" role=\"group\" aria-roledescription=\"slide\" aria-label=\"1 of 23\"><a data-elementor-open-lightbox=\"yes\" data-elementor-lightbox-slideshow=\"b3e035b\" data-elementor-lightbox-title=\"&quot;Kevad III&quot; 2013 \u00f5li, l\u00f5uend46x55 200\u20ac\" data-e-action-hash=\"#elementor-action%3Aaction%3Dlightbox%26settings%3DeyJpZCI6Njk4LCJ1cmwiOiJodHRwczpcL1wvbWFhbGphbXV1c2lrYS5lZVwvd3AtY29udGVudFwvdXBsb2Fkc1wvMjAyMVwvMDJcLzIwMTUxMTIxXzE1MDYxMy0xLmpwZyIsInNsaWRlc2hvdyI6ImIzZTAzNWIifQ%3D%3D\" href=\"https:\/\/maaljamuusika.ee\/wp-content\/uploads\/2021\/02\/20151121_150613-1.jpg\"><figure class=\"swiper-slide-inner\"><img decoding=\"async\" class=\"swiper-slide-image\" src=\"https:\/\/maaljamuusika.ee\/wp-content\/uploads\/2021\/02\/20151121_150613-1-1024x847.jpg\" alt=\"\" \/><\/figure><\/a><\/div><div class=\"swiper-slide\" role=\"group\" aria-roledescription=\"slide\" aria-label=\"2 of 23\"><a data-elementor-open-lightbox=\"yes\" data-elementor-lightbox-slideshow=\"b3e035b\" data-elementor-lightbox-title=\"&quot;Kevad II&quot;  2013 \u00f5li, l\u00f5uend 46x55 (erakogus)\" data-e-action-hash=\"#elementor-action%3Aaction%3Dlightbox%26settings%3DeyJpZCI6NzAzLCJ1cmwiOiJodHRwczpcL1wvbWFhbGphbXV1c2lrYS5lZVwvd3AtY29udGVudFwvdXBsb2Fkc1wvMjAyMVwvMDJcLzAxNy5qcGciLCJzbGlkZXNob3ciOiJiM2UwMzViIn0%3D\" href=\"https:\/\/maaljamuusika.ee\/wp-content\/uploads\/2021\/02\/017.jpg\"><figure class=\"swiper-slide-inner\"><img decoding=\"async\" class=\"swiper-slide-image\" src=\"https:\/\/maaljamuusika.ee\/wp-content\/uploads\/2021\/02\/017-1024x824.jpg\" alt=\"\" \/><\/figure><\/a><\/div><div class=\"swiper-slide\" role=\"group\" aria-roledescription=\"slide\" aria-label=\"3 of 23\"><a data-elementor-open-lightbox=\"yes\" data-elementor-lightbox-slideshow=\"b3e035b\" data-elementor-lightbox-title=\"Talvine p\u00e4ike 200 Eur\" data-e-action-hash=\"#elementor-action%3Aaction%3Dlightbox%26settings%3DeyJpZCI6NDYzLCJ1cmwiOiJodHRwczpcL1wvbWFhbGphbXV1c2lrYS5lZVwvd3AtY29udGVudFwvdXBsb2Fkc1wvMjAyMVwvMDFcL1RhbHZpbmUtcGFpa2UtMjAwLUV1ci5qcGciLCJzbGlkZXNob3ciOiJiM2UwMzViIn0%3D\" href=\"https:\/\/maaljamuusika.ee\/wp-content\/uploads\/2021\/01\/Talvine-paike-200-Eur.jpg\"><figure class=\"swiper-slide-inner\"><img decoding=\"async\" class=\"swiper-slide-image\" src=\"https:\/\/maaljamuusika.ee\/wp-content\/uploads\/2021\/01\/Talvine-paike-200-Eur.jpg\" alt=\"\" \/><\/figure><\/a><\/div><div class=\"swiper-slide\" role=\"group\" aria-roledescription=\"slide\" aria-label=\"4 of 23\"><a data-elementor-open-lightbox=\"yes\" data-elementor-lightbox-slideshow=\"b3e035b\" data-elementor-lightbox-title=\"&quot;P\u00fchaj\u00e4rve motiiv&quot; 2020 \u00f5li, l\u00f5uend 70\u00d780 500\u20ac\" data-e-action-hash=\"#elementor-action%3Aaction%3Dlightbox%26settings%3DeyJpZCI6NDYyLCJ1cmwiOiJodHRwczpcL1wvbWFhbGphbXV1c2lrYS5lZVwvd3AtY29udGVudFwvdXBsb2Fkc1wvMjAyMVwvMDFcL1B1aGFqYXJ2ZS1tb3RpaXYtNTAwLUV1ci5qcGciLCJzbGlkZXNob3ciOiJiM2UwMzViIn0%3D\" href=\"https:\/\/maaljamuusika.ee\/wp-content\/uploads\/2021\/01\/Puhajarve-motiiv-500-Eur.jpg\"><figure class=\"swiper-slide-inner\"><img decoding=\"async\" class=\"swiper-slide-image\" src=\"https:\/\/maaljamuusika.ee\/wp-content\/uploads\/2021\/01\/Puhajarve-motiiv-500-Eur-1024x907.jpg\" alt=\"\" \/><\/figure><\/a><\/div><div class=\"swiper-slide\" role=\"group\" aria-roledescription=\"slide\" aria-label=\"5 of 23\"><a data-elementor-open-lightbox=\"yes\" data-elementor-lightbox-slideshow=\"b3e035b\" data-elementor-lightbox-title=\"Kevad I (\u00f5li, l\u00f5uend) 2013 46x55 250\u20ac\" data-e-action-hash=\"#elementor-action%3Aaction%3Dlightbox%26settings%3DeyJpZCI6NDYxLCJ1cmwiOiJodHRwczpcL1wvbWFhbGphbXV1c2lrYS5lZVwvd3AtY29udGVudFwvdXBsb2Fkc1wvMjAyMVwvMDFcL0tldmFkMS0yMDAtRXVyLmpwZyIsInNsaWRlc2hvdyI6ImIzZTAzNWIifQ%3D%3D\" href=\"https:\/\/maaljamuusika.ee\/wp-content\/uploads\/2021\/01\/Kevad1-200-Eur.jpg\"><figure class=\"swiper-slide-inner\"><img decoding=\"async\" class=\"swiper-slide-image\" src=\"https:\/\/maaljamuusika.ee\/wp-content\/uploads\/2021\/01\/Kevad1-200-Eur.jpg\" alt=\"\" \/><\/figure><\/a><\/div><div class=\"swiper-slide\" role=\"group\" aria-roledescription=\"slide\" aria-label=\"6 of 23\"><a data-elementor-open-lightbox=\"yes\" data-elementor-lightbox-slideshow=\"b3e035b\" data-elementor-lightbox-title=\"&quot;Kass Jass&quot; (erakogus)\" data-e-action-hash=\"#elementor-action%3Aaction%3Dlightbox%26settings%3DeyJpZCI6NDYwLCJ1cmwiOiJodHRwczpcL1wvbWFhbGphbXV1c2lrYS5lZVwvd3AtY29udGVudFwvdXBsb2Fkc1wvMjAyMVwvMDFcL0thc3MtSmFzcy0yMDAtRXVyLmpwZyIsInNsaWRlc2hvdyI6ImIzZTAzNWIifQ%3D%3D\" href=\"https:\/\/maaljamuusika.ee\/wp-content\/uploads\/2021\/01\/Kass-Jass-200-Eur.jpg\"><figure class=\"swiper-slide-inner\"><img decoding=\"async\" class=\"swiper-slide-image\" src=\"https:\/\/maaljamuusika.ee\/wp-content\/uploads\/2021\/01\/Kass-Jass-200-Eur.jpg\" alt=\"\" \/><\/figure><\/a><\/div><div class=\"swiper-slide\" role=\"group\" aria-roledescription=\"slide\" aria-label=\"7 of 23\"><a data-elementor-open-lightbox=\"yes\" data-elementor-lightbox-slideshow=\"b3e035b\" data-elementor-lightbox-title=\"&quot;Juulikuu. L\u00f5una-Eesti&quot; 2020 \u00f5li ,l\u00f5uend 80x80 500\u20ac\" data-e-action-hash=\"#elementor-action%3Aaction%3Dlightbox%26settings%3DeyJpZCI6NDU5LCJ1cmwiOiJodHRwczpcL1wvbWFhbGphbXV1c2lrYS5lZVwvd3AtY29udGVudFwvdXBsb2Fkc1wvMjAyMVwvMDFcL0p1dWxpa3V1LkxvdW5hLUVlc3RpLTUwMC1FdXIuanBnIiwic2xpZGVzaG93IjoiYjNlMDM1YiJ9\" href=\"https:\/\/maaljamuusika.ee\/wp-content\/uploads\/2021\/01\/Juulikuu.Louna-Eesti-500-Eur.jpg\"><figure class=\"swiper-slide-inner\"><img decoding=\"async\" class=\"swiper-slide-image\" src=\"https:\/\/maaljamuusika.ee\/wp-content\/uploads\/2021\/01\/Juulikuu.Louna-Eesti-500-Eur-1014x1024.jpg\" alt=\"\" \/><\/figure><\/a><\/div><div class=\"swiper-slide\" role=\"group\" aria-roledescription=\"slide\" aria-label=\"8 of 23\"><a data-elementor-open-lightbox=\"yes\" data-elementor-lightbox-slideshow=\"b3e035b\" data-elementor-lightbox-title=\"Talvine hetk (\u00f5li, papp) 54x71 2012 350\u20ac\" data-e-action-hash=\"#elementor-action%3Aaction%3Dlightbox%26settings%3DeyJpZCI6NzMxLCJ1cmwiOiJodHRwczpcL1wvbWFhbGphbXV1c2lrYS5lZVwvd3AtY29udGVudFwvdXBsb2Fkc1wvMjAyMVwvMDJcLzIwMTUxMTIxXzE0MzU0My0xLTEtc2NhbGVkLmpwZyIsInNsaWRlc2hvdyI6ImIzZTAzNWIifQ%3D%3D\" href=\"https:\/\/maaljamuusika.ee\/wp-content\/uploads\/2021\/02\/20151121_143543-1-1-scaled.jpg\"><figure class=\"swiper-slide-inner\"><img decoding=\"async\" class=\"swiper-slide-image\" src=\"https:\/\/maaljamuusika.ee\/wp-content\/uploads\/2021\/02\/20151121_143543-1-1-1024x769.jpg\" alt=\"\" \/><\/figure><\/a><\/div><div class=\"swiper-slide\" role=\"group\" aria-roledescription=\"slide\" aria-label=\"9 of 23\"><a data-elementor-open-lightbox=\"yes\" data-elementor-lightbox-slideshow=\"b3e035b\" data-elementor-lightbox-title=\"Talvemuinasjutt. Vaade aknast (\u00f5li, l\u00f5uend) 73x60 2013 350\u20ac\" data-e-action-hash=\"#elementor-action%3Aaction%3Dlightbox%26settings%3DeyJpZCI6NzMwLCJ1cmwiOiJodHRwczpcL1wvbWFhbGphbXV1c2lrYS5lZVwvd3AtY29udGVudFwvdXBsb2Fkc1wvMjAyMVwvMDJcLzIwMTUxMTI1XzE3MDMzMC0xLmpwZyIsInNsaWRlc2hvdyI6ImIzZTAzNWIifQ%3D%3D\" href=\"https:\/\/maaljamuusika.ee\/wp-content\/uploads\/2021\/02\/20151125_170330-1.jpg\"><figure class=\"swiper-slide-inner\"><img decoding=\"async\" class=\"swiper-slide-image\" src=\"https:\/\/maaljamuusika.ee\/wp-content\/uploads\/2021\/02\/20151125_170330-1-832x1024.jpg\" alt=\"\" \/><\/figure><\/a><\/div><div class=\"swiper-slide\" role=\"group\" aria-roledescription=\"slide\" aria-label=\"10 of 23\"><a data-elementor-open-lightbox=\"yes\" data-elementor-lightbox-slideshow=\"b3e035b\" data-elementor-lightbox-title=\"Sinised silmad (\u00f5li, l\u00f5uend) 2015 50x70 250\u20ac\" data-e-action-hash=\"#elementor-action%3Aaction%3Dlightbox%26settings%3DeyJpZCI6NzI5LCJ1cmwiOiJodHRwczpcL1wvbWFhbGphbXV1c2lrYS5lZVwvd3AtY29udGVudFwvdXBsb2Fkc1wvMjAyMVwvMDJcLzIwMTUxMTIxXzE1MTQ1Ni0xLXNjYWxlZC5qcGciLCJzbGlkZXNob3ciOiJiM2UwMzViIn0%3D\" href=\"https:\/\/maaljamuusika.ee\/wp-content\/uploads\/2021\/02\/20151121_151456-1-scaled.jpg\"><figure class=\"swiper-slide-inner\"><img decoding=\"async\" class=\"swiper-slide-image\" src=\"https:\/\/maaljamuusika.ee\/wp-content\/uploads\/2021\/02\/20151121_151456-1-1024x721.jpg\" alt=\"\" \/><\/figure><\/a><\/div><div class=\"swiper-slide\" role=\"group\" aria-roledescription=\"slide\" aria-label=\"11 of 23\"><a data-elementor-open-lightbox=\"yes\" data-elementor-lightbox-slideshow=\"b3e035b\" data-elementor-lightbox-title=\"Minni (\u00f5li, l\u00f5uend) 2013 50,5x45,5 200\u20ac\" data-e-action-hash=\"#elementor-action%3Aaction%3Dlightbox%26settings%3DeyJpZCI6NzI4LCJ1cmwiOiJodHRwczpcL1wvbWFhbGphbXV1c2lrYS5lZVwvd3AtY29udGVudFwvdXBsb2Fkc1wvMjAyMVwvMDJcLzIwMTUxMTIxXzE1MDkwOC0xLmpwZyIsInNsaWRlc2hvdyI6ImIzZTAzNWIifQ%3D%3D\" href=\"https:\/\/maaljamuusika.ee\/wp-content\/uploads\/2021\/02\/20151121_150908-1.jpg\"><figure class=\"swiper-slide-inner\"><img decoding=\"async\" class=\"swiper-slide-image\" src=\"https:\/\/maaljamuusika.ee\/wp-content\/uploads\/2021\/02\/20151121_150908-1-919x1024.jpg\" alt=\"\" \/><\/figure><\/a><\/div><div class=\"swiper-slide\" role=\"group\" aria-roledescription=\"slide\" aria-label=\"12 of 23\"><a data-elementor-open-lightbox=\"yes\" data-elementor-lightbox-slideshow=\"b3e035b\" data-elementor-lightbox-title=\"P\u00e4ikese k\u00e4es (\u00f5li l\u00f5uend) 2012 50x61 250\u20ac\" data-e-action-hash=\"#elementor-action%3Aaction%3Dlightbox%26settings%3DeyJpZCI6NzI2LCJ1cmwiOiJodHRwczpcL1wvbWFhbGphbXV1c2lrYS5lZVwvd3AtY29udGVudFwvdXBsb2Fkc1wvMjAyMVwvMDJcLzIwMTUxMTIxXzE0NDAxMy0xLmpwZyIsInNsaWRlc2hvdyI6ImIzZTAzNWIifQ%3D%3D\" href=\"https:\/\/maaljamuusika.ee\/wp-content\/uploads\/2021\/02\/20151121_144013-1.jpg\"><figure class=\"swiper-slide-inner\"><img decoding=\"async\" class=\"swiper-slide-image\" src=\"https:\/\/maaljamuusika.ee\/wp-content\/uploads\/2021\/02\/20151121_144013-1-1024x855.jpg\" alt=\"\" \/><\/figure><\/a><\/div><div class=\"swiper-slide\" role=\"group\" aria-roledescription=\"slide\" aria-label=\"13 of 23\"><a data-elementor-open-lightbox=\"yes\" data-elementor-lightbox-slideshow=\"b3e035b\" data-elementor-lightbox-title=\"V\u00e4\u00e4did (\u00f5li, masoniit) 65x80 1986 350\u20ac\" data-e-action-hash=\"#elementor-action%3Aaction%3Dlightbox%26settings%3DeyJpZCI6NzI1LCJ1cmwiOiJodHRwczpcL1wvbWFhbGphbXV1c2lrYS5lZVwvd3AtY29udGVudFwvdXBsb2Fkc1wvMjAyMVwvMDJcLzIwMTUxMTIxXzE0MzUyNC0xLmpwZyIsInNsaWRlc2hvdyI6ImIzZTAzNWIifQ%3D%3D\" href=\"https:\/\/maaljamuusika.ee\/wp-content\/uploads\/2021\/02\/20151121_143524-1.jpg\"><figure class=\"swiper-slide-inner\"><img decoding=\"async\" class=\"swiper-slide-image\" src=\"https:\/\/maaljamuusika.ee\/wp-content\/uploads\/2021\/02\/20151121_143524-1-1024x814.jpg\" alt=\"\" \/><\/figure><\/a><\/div><div class=\"swiper-slide\" role=\"group\" aria-roledescription=\"slide\" aria-label=\"14 of 23\"><a data-elementor-open-lightbox=\"yes\" data-elementor-lightbox-slideshow=\"b3e035b\" data-elementor-lightbox-title=\"&quot;\u00dchel kevadel&quot; 2013  \u00f5li, l\u00f5uend 60x80  (Erakogus)\" data-e-action-hash=\"#elementor-action%3Aaction%3Dlightbox%26settings%3DeyJpZCI6Njk3LCJ1cmwiOiJodHRwczpcL1wvbWFhbGphbXV1c2lrYS5lZVwvd3AtY29udGVudFwvdXBsb2Fkc1wvMjAyMVwvMDJcLzIwMTUxMTI1XzE3MDIzMC0xLXNjYWxlZC5qcGciLCJzbGlkZXNob3ciOiJiM2UwMzViIn0%3D\" href=\"https:\/\/maaljamuusika.ee\/wp-content\/uploads\/2021\/02\/20151125_170230-1-scaled.jpg\"><figure class=\"swiper-slide-inner\"><img decoding=\"async\" class=\"swiper-slide-image\" src=\"https:\/\/maaljamuusika.ee\/wp-content\/uploads\/2021\/02\/20151125_170230-1-1024x761.jpg\" alt=\"\" \/><\/figure><\/a><\/div><div class=\"swiper-slide\" role=\"group\" aria-roledescription=\"slide\" aria-label=\"15 of 23\"><a data-elementor-open-lightbox=\"yes\" data-elementor-lightbox-slideshow=\"b3e035b\" data-elementor-lightbox-title=\"Balkoni aknast 2008 (\u00f5li, l\u00f5uend) 73x82 450\u20ac\" data-e-action-hash=\"#elementor-action%3Aaction%3Dlightbox%26settings%3DeyJpZCI6MzczLCJ1cmwiOiJodHRwczpcL1wvbWFhbGphbXV1c2lrYS5lZVwvd3AtY29udGVudFwvdXBsb2Fkc1wvMjAyMVwvMDFcL0thaWVfcG9ydGZvbGlvLTE3LmpwZyIsInNsaWRlc2hvdyI6ImIzZTAzNWIifQ%3D%3D\" href=\"https:\/\/maaljamuusika.ee\/wp-content\/uploads\/2021\/01\/Kaie_portfolio-17.jpg\"><figure class=\"swiper-slide-inner\"><img decoding=\"async\" class=\"swiper-slide-image\" src=\"https:\/\/maaljamuusika.ee\/wp-content\/uploads\/2021\/01\/Kaie_portfolio-17-1024x1024.jpg\" alt=\"450\u20ac\" \/><\/figure><\/a><\/div><div class=\"swiper-slide\" role=\"group\" aria-roledescription=\"slide\" aria-label=\"16 of 23\"><a data-elementor-open-lightbox=\"yes\" data-elementor-lightbox-slideshow=\"b3e035b\" data-elementor-lightbox-title=\"&quot;Mu s\u00fcda usub \u00f5nne&quot; 2015 (\u00f5li, l\u00f5uend) 90x90  550\u20ac\" data-e-action-hash=\"#elementor-action%3Aaction%3Dlightbox%26settings%3DeyJpZCI6MzY4LCJ1cmwiOiJodHRwczpcL1wvbWFhbGphbXV1c2lrYS5lZVwvd3AtY29udGVudFwvdXBsb2Fkc1wvMjAyMVwvMDFcL0thaWVfcG9ydGZvbGlvLTEyLmpwZyIsInNsaWRlc2hvdyI6ImIzZTAzNWIifQ%3D%3D\" href=\"https:\/\/maaljamuusika.ee\/wp-content\/uploads\/2021\/01\/Kaie_portfolio-12.jpg\"><figure class=\"swiper-slide-inner\"><img decoding=\"async\" class=\"swiper-slide-image\" src=\"https:\/\/maaljamuusika.ee\/wp-content\/uploads\/2021\/01\/Kaie_portfolio-12-1024x1024.jpg\" alt=\"550\" \/><\/figure><\/a><\/div><div class=\"swiper-slide\" role=\"group\" aria-roledescription=\"slide\" aria-label=\"17 of 23\"><a data-elementor-open-lightbox=\"yes\" data-elementor-lightbox-slideshow=\"b3e035b\" data-elementor-lightbox-title=\"&quot;S\u00f5najalad&quot; 1992  \u00f5li, masoniit  66,5x 73,5 450\u20ac\" data-e-action-hash=\"#elementor-action%3Aaction%3Dlightbox%26settings%3DeyJpZCI6MzY1LCJ1cmwiOiJodHRwczpcL1wvbWFhbGphbXV1c2lrYS5lZVwvd3AtY29udGVudFwvdXBsb2Fkc1wvMjAyMVwvMDFcL0thaWVfcG9ydGZvbGlvLTA5LmpwZyIsInNsaWRlc2hvdyI6ImIzZTAzNWIifQ%3D%3D\" href=\"https:\/\/maaljamuusika.ee\/wp-content\/uploads\/2021\/01\/Kaie_portfolio-09.jpg\"><figure class=\"swiper-slide-inner\"><img decoding=\"async\" class=\"swiper-slide-image\" src=\"https:\/\/maaljamuusika.ee\/wp-content\/uploads\/2021\/01\/Kaie_portfolio-09-1024x1024.jpg\" alt=\"\" \/><\/figure><\/a><\/div><div class=\"swiper-slide\" role=\"group\" aria-roledescription=\"slide\" aria-label=\"18 of 23\"><a data-elementor-open-lightbox=\"yes\" data-elementor-lightbox-slideshow=\"b3e035b\" data-elementor-lightbox-title=\"&quot;Vaheajal&quot; 2009 \u00f5li, l\u00f5uend 81x65 350\u20ac\" data-e-action-hash=\"#elementor-action%3Aaction%3Dlightbox%26settings%3DeyJpZCI6ODA5LCJ1cmwiOiJodHRwczpcL1wvbWFhbGphbXV1c2lrYS5lZVwvd3AtY29udGVudFwvdXBsb2Fkc1wvMjAyMVwvMDNcLzEyMzA5NjM2XzE2OTIyNzY0Nzc2ODQ3OTFfNjM3Nzg5OTQzNjU2ODM0Mjc4OF9vLmpwZyIsInNsaWRlc2hvdyI6ImIzZTAzNWIifQ%3D%3D\" href=\"https:\/\/maaljamuusika.ee\/wp-content\/uploads\/2021\/03\/12309636_1692276477684791_6377899436568342788_o.jpg\"><figure class=\"swiper-slide-inner\"><img decoding=\"async\" class=\"swiper-slide-image\" src=\"https:\/\/maaljamuusika.ee\/wp-content\/uploads\/2021\/03\/12309636_1692276477684791_6377899436568342788_o-817x1024.jpg\" alt=\"\" \/><\/figure><\/a><\/div><div class=\"swiper-slide\" role=\"group\" aria-roledescription=\"slide\" aria-label=\"19 of 23\"><a data-elementor-open-lightbox=\"yes\" data-elementor-lightbox-slideshow=\"b3e035b\" data-elementor-lightbox-title=\"&quot;Ilus elu II&quot; (\u00f5li, l\u00f5uend) 2013a 50x60 300\u20ac\" data-e-action-hash=\"#elementor-action%3Aaction%3Dlightbox%26settings%3DeyJpZCI6ODA4LCJ1cmwiOiJodHRwczpcL1wvbWFhbGphbXV1c2lrYS5lZVwvd3AtY29udGVudFwvdXBsb2Fkc1wvMjAyMVwvMDNcLzEyMjQxMDQyXzE2OTA3OTQ4MzQ0OTk2MjJfNTMyOTk5MTk2NTQ5MzgxMTU5OF9vLmpwZyIsInNsaWRlc2hvdyI6ImIzZTAzNWIifQ%3D%3D\" href=\"https:\/\/maaljamuusika.ee\/wp-content\/uploads\/2021\/03\/12241042_1690794834499622_5329991965493811598_o.jpg\"><figure class=\"swiper-slide-inner\"><img decoding=\"async\" class=\"swiper-slide-image\" src=\"https:\/\/maaljamuusika.ee\/wp-content\/uploads\/2021\/03\/12241042_1690794834499622_5329991965493811598_o-1024x864.jpg\" alt=\"\" \/><\/figure><\/a><\/div><div class=\"swiper-slide\" role=\"group\" aria-roledescription=\"slide\" aria-label=\"20 of 23\"><a data-elementor-open-lightbox=\"yes\" data-elementor-lightbox-slideshow=\"b3e035b\" data-elementor-lightbox-title=\"&quot;P\u00e4ikeselisel p\u00e4eval&quot; (\u00f5li, l\u00f5uend) 72x60 2014a 400\u20ac\" data-e-action-hash=\"#elementor-action%3Aaction%3Dlightbox%26settings%3DeyJpZCI6NzczLCJ1cmwiOiJodHRwczpcL1wvbWFhbGphbXV1c2lrYS5lZVwvd3AtY29udGVudFwvdXBsb2Fkc1wvMjAyMVwvMDNcLzIwMTUxMTIxXzE0MzgzMi0xLTEuanBnIiwic2xpZGVzaG93IjoiYjNlMDM1YiJ9\" href=\"https:\/\/maaljamuusika.ee\/wp-content\/uploads\/2021\/03\/20151121_143832-1-1.jpg\"><figure class=\"swiper-slide-inner\"><img decoding=\"async\" class=\"swiper-slide-image\" src=\"https:\/\/maaljamuusika.ee\/wp-content\/uploads\/2021\/03\/20151121_143832-1-1-836x1024.jpg\" alt=\"\" \/><\/figure><\/a><\/div><div class=\"swiper-slide\" role=\"group\" aria-roledescription=\"slide\" aria-label=\"21 of 23\"><a data-elementor-open-lightbox=\"yes\" data-elementor-lightbox-slideshow=\"b3e035b\" data-elementor-lightbox-title=\"&quot;\u00d5lelilled roosal foonil&quot; (\u00f5li, papp) 60x50 1984a 350\u20ac\" data-e-action-hash=\"#elementor-action%3Aaction%3Dlightbox%26settings%3DeyJpZCI6Nzc1LCJ1cmwiOiJodHRwczpcL1wvbWFhbGphbXV1c2lrYS5lZVwvd3AtY29udGVudFwvdXBsb2Fkc1wvMjAyMVwvMDNcLzIwMTUxMTI1XzE3MTMxOC0xLmpwZyIsInNsaWRlc2hvdyI6ImIzZTAzNWIifQ%3D%3D\" href=\"https:\/\/maaljamuusika.ee\/wp-content\/uploads\/2021\/03\/20151125_171318-1.jpg\"><figure class=\"swiper-slide-inner\"><img decoding=\"async\" class=\"swiper-slide-image\" src=\"https:\/\/maaljamuusika.ee\/wp-content\/uploads\/2021\/03\/20151125_171318-1-832x1024.jpg\" alt=\"\" \/><\/figure><\/a><\/div><div class=\"swiper-slide\" role=\"group\" aria-roledescription=\"slide\" aria-label=\"22 of 23\"><a data-elementor-open-lightbox=\"yes\" data-elementor-lightbox-slideshow=\"b3e035b\" data-elementor-lightbox-title=\"&quot;\u00c4ra-unusta-mind-lill&quot; 2015a \u00f5li, l\u00f5uend 81x100 600\u20ac\" data-e-action-hash=\"#elementor-action%3Aaction%3Dlightbox%26settings%3DeyJpZCI6MzYyLCJ1cmwiOiJodHRwczpcL1wvbWFhbGphbXV1c2lrYS5lZVwvd3AtY29udGVudFwvdXBsb2Fkc1wvMjAyMVwvMDFcL0thaWVfcG9ydGZvbGlvLTA2LmpwZyIsInNsaWRlc2hvdyI6ImIzZTAzNWIifQ%3D%3D\" href=\"https:\/\/maaljamuusika.ee\/wp-content\/uploads\/2021\/01\/Kaie_portfolio-06.jpg\"><figure class=\"swiper-slide-inner\"><img decoding=\"async\" class=\"swiper-slide-image\" src=\"https:\/\/maaljamuusika.ee\/wp-content\/uploads\/2021\/01\/Kaie_portfolio-06-1024x1024.jpg\" alt=\"\" \/><\/figure><\/a><\/div><div class=\"swiper-slide\" role=\"group\" aria-roledescription=\"slide\" aria-label=\"23 of 23\"><a data-elementor-open-lightbox=\"yes\" data-elementor-lightbox-slideshow=\"b3e035b\" data-elementor-lightbox-title=\"&quot;Valgus&quot; 2015 \u00f5li, l\u00f5uend  90x90  550\u20ac\" data-e-action-hash=\"#elementor-action%3Aaction%3Dlightbox%26settings%3DeyJpZCI6MzYzLCJ1cmwiOiJodHRwczpcL1wvbWFhbGphbXV1c2lrYS5lZVwvd3AtY29udGVudFwvdXBsb2Fkc1wvMjAyMVwvMDFcL0thaWVfcG9ydGZvbGlvLTA3LmpwZyIsInNsaWRlc2hvdyI6ImIzZTAzNWIifQ%3D%3D\" href=\"https:\/\/maaljamuusika.ee\/wp-content\/uploads\/2021\/01\/Kaie_portfolio-07.jpg\"><figure class=\"swiper-slide-inner\"><img decoding=\"async\" class=\"swiper-slide-image\" src=\"https:\/\/maaljamuusika.ee\/wp-content\/uploads\/2021\/01\/Kaie_portfolio-07-1024x1024.jpg\" alt=\"\" \/><\/figure><\/a><\/div>\t\t\t<\/div>\n\t\t\t\t\t\t\t\t\t\t\t\t<div class=\"elementor-swiper-button elementor-swiper-button-prev\" role=\"button\" tabindex=\"0\">\n\t\t\t\t\t\t<svg aria-hidden=\"true\" class=\"e-font-icon-svg e-eicon-chevron-left\" viewBox=\"0 0 1000 1000\" xmlns=\"http:\/\/www.w3.org\/2000\/svg\"><path d=\"M646 125C629 125 613 133 604 142L308 442C296 454 292 471 292 487 292 504 296 521 308 533L604 854C617 867 629 875 646 875 663 875 679 871 692 858 704 846 713 829 713 812 713 796 708 779 692 767L438 487 692 225C700 217 708 204 708 187 708 171 704 154 692 142 675 129 663 125 646 125Z\"><\/path><\/svg>\t\t\t\t\t<\/div>\n\t\t\t\t\t<div class=\"elementor-swiper-button elementor-swiper-button-next\" role=\"button\" tabindex=\"0\">\n\t\t\t\t\t\t<svg aria-hidden=\"true\" class=\"e-font-icon-svg e-eicon-chevron-right\" viewBox=\"0 0 1000 1000\" xmlns=\"http:\/\/www.w3.org\/2000\/svg\"><path d=\"M696 533C708 521 713 504 713 487 713 471 708 454 696 446L400 146C388 133 375 125 354 125 338 125 325 129 313 142 300 154 292 171 292 187 292 204 296 221 308 233L563 492 304 771C292 783 288 800 288 817 288 833 296 850 308 863 321 871 338 875 354 875 371 875 388 867 400 854L696 533Z\"><\/path><\/svg>\t\t\t\t\t<\/div>\n\t\t\t\t\n\t\t\t\t\t\t\t\t\t<div class=\"swiper-pagination\"><\/div>\n\t\t\t\t\t\t\t\t\t<\/div>\n\t\t\t\t<\/div>\n\t\t\t\t<\/div>\n\t\t\t\t\t<\/div>\n\t\t<\/div>\n\t\t\t\t\t<\/div>\n\t\t<\/section>\n\t\t\t\t<\/div>\n\t\t","protected":false},"excerpt":{"rendered":"<p>Maalid Kevad III (\u00f5li, l\u00f5uend) 2013 46&#215;55 200\u20ac Kevad I (\u00f5li, l\u00f5uend) 2013 46&#215;55 200\u20ac Talvine p\u00e4ike 200 Eur P\u00fchaj\u00e4rve motiiv 500 Eur Kevad1 200 Eur Kass Jass 200 Eur Juulikuu.L\u00f5una-Eesti 500 Eur Talvine hetk (\u00f5li, papp) 54&#215;71 2012 350\u20ac Talvemuinasjutt. Vaade aknast (\u00f5li, l\u00f5uend) 73&#215;60 2013 350\u20ac Sinised silmad (\u00f5li, l\u00f5uend) 2015 50&#215;70 250\u20ac &hellip;<\/p>\n<p class=\"read-more\"> <a class=\"\" href=\"https:\/\/www.maaljamuusika.ee\/index.php\/maalid\/\"> <span class=\"screen-reader-text\">Maalid<\/span> Read More &raquo;<\/a><\/p>\n","protected":false},"author":1,"featured_media":0,"parent":0,"menu_order":0,"comment_status":"closed","ping_status":"closed","template":"","meta":{"footnotes":""},"class_list":["post-193","page","type-page","status-publish","hentry"],"_links":{"self":[{"href":"https:\/\/www.maaljamuusika.ee\/index.php\/wp-json\/wp\/v2\/pages\/193","targetHints":{"allow":["GET"]}}],"collection":[{"href":"https:\/\/www.maaljamuusika.ee\/index.php\/wp-json\/wp\/v2\/pages"}],"about":[{"href":"https:\/\/www.maaljamuusika.ee\/index.php\/wp-json\/wp\/v2\/types\/page"}],"author":[{"embeddable":true,"href":"https:\/\/www.maaljamuusika.ee\/index.php\/wp-json\/wp\/v2\/users\/1"}],"replies":[{"embeddable":true,"href":"https:\/\/www.maaljamuusika.ee\/index.php\/wp-json\/wp\/v2\/comments?post=193"}],"version-history":[{"count":5,"href":"https:\/\/www.maaljamuusika.ee\/index.php\/wp-json\/wp\/v2\/pages\/193\/revisions"}],"predecessor-version":[{"id":818,"href":"https:\/\/www.maaljamuusika.ee\/index.php\/wp-json\/wp\/v2\/pages\/193\/revisions\/818"}],"wp:attachment":[{"href":"https:\/\/www.maaljamuusika.ee\/index.php\/wp-json\/wp\/v2\/media?parent=193"}],"curies":[{"name":"wp","href":"https:\/\/api.w.org\/{rel}","templated":true}]}}